{"id":12,"date":"2020-08-03T09:33:10","date_gmt":"2020-08-03T09:33:10","guid":{"rendered":"https:\/\/ds-pejsci-a-kocicky.cz\/?page_id=12"},"modified":"2025-04-22T12:43:09","modified_gmt":"2025-04-22T10:43:09","slug":"o-nas","status":"publish","type":"page","link":"https:\/\/ds-pejsci-a-kocicky.cz\/?page_id=12","title":{"rendered":"\ud83d\udc3e O n\u00e1s \ud83d\udc3e"},"content":{"rendered":"\n<p class=\"has-text-align-center\">Jsme nov\u00fd kolektiv, kter\u00fd nab\u00edz\u00ed hl\u00edd\u00e1n\u00ed d\u011bt\u00ed formou dvou d\u011btsk\u00fdch skupin. Zam\u011b\u0159ujeme se i na hodinov\u00e9 hl\u00edd\u00e1n\u00ed. Prostory na\u0161\u00ed DS se nach\u00e1z\u00ed v p\u0159\u00edzem\u00ed budovy Ovocn\u00e1 9 v Plzni &#8211; Doudlevc\u00edch a vyhovuj\u00ed po\u017eadavk\u016fm dle z\u00e1kona \u010d. 350\/2021 Sb., na za\u0159\u00edzen\u00ed slu\u017eby p\u00e9\u010de o d\u00edt\u011b v d\u011btsk\u00e9 skupin\u011b. Na\u0161e d\u011btsk\u00e9 skupiny si kladou za c\u00edl pomoc skloubit rodin\u00e1m pracovn\u00ed a rodinn\u00fd \u017eivot. Kapacita d\u011btsk\u00e9 skupiny Pejsci je 8 d\u011bt\u00ed a d\u011btsk\u00e9 skupiny Ko\u010di\u010dky je tak\u00e9 8 d\u011bt\u00ed a jsou ur\u010deny pro d\u011bti od jednoho roku do zah\u00e1jen\u00ed povinn\u00e9 \u0161koln\u00ed doch\u00e1zky.<\/p>\n\n\n\n<p class=\"has-text-align-center\">D\u011bti funguj\u00ed v r\u00e1mci jednoho kolektivu a u\u010d\u00ed se od sebe navz\u00e1jem.&nbsp; Na\u0161e pe\u010duj\u00edc\u00ed osoby vedou v\u00fduku d\u011bt\u00ed tak, aby rozv\u00edjely v\u0161echny smysly vlastn\u00edm tempem. V d\u011btech se sna\u017e\u00edme rozv\u00edjet celou \u0159adu vlastnost\u00ed a dovednost\u00ed a nau\u010dit je respektu v\u016f\u010di sob\u011b a okol\u00ed. V\u00fduka neprob\u00edh\u00e1 pouze ve vnit\u0159n\u00edm prostoru. V budov\u011b m\u00e1me tak\u00e9 zahradu, kter\u00e1 slou\u017e\u00ed k pozn\u00e1v\u00e1n\u00ed venkovn\u00edho sv\u011bta.<\/p>\n\n\n\n<div style=\"height:52px\" aria-hidden=\"true\" class=\"wp-block-spacer\"><\/div>\n\n\n\n<p class=\"has-text-align-center\"><strong>Jak to u n\u00e1s vypad\u00e1<\/strong><\/p>\n\n\n\n<p>Prostory ve kter\u00fdch budou d\u011btsk\u00e9 skupiny um\u00edst\u011bn\u00e9 moment\u00e1ln\u011b proch\u00e1zej\u00ed celkovou rekonstrukc\u00ed a budou pro V\u00e1s p\u0159ipraveny od z\u00e1\u0159\u00ed 2024.<\/p>\n\n\n\n<p class=\"has-text-align-center\">Nav\u00edc m\u00e1me k dispozici kr\u00e1snou zahr\u00e1dku ve vnitrobloku, kter\u00e1 tak\u00e9 proch\u00e1z\u00ed celkovou rekonstrukc\u00ed.<\/p>\n\n\n\n<div style=\"height:40px\" aria-hidden=\"true\" class=\"wp-block-spacer\"><\/div>\n\n\n\n<p class=\"has-text-align-center\"><strong>Aktivity DS Pejsci a DS Ko\u010di\u010dky<\/strong><\/p>\n\n\n\n<div style=\"height:40px\" aria-hidden=\"true\" class=\"wp-block-spacer\"><\/div>\n\n\n\n<p><strong>Pravideln\u00e9 aktivity<\/strong><\/p>\n\n\n\n<p>Pobyt venku \u2013 pobyt na vlastn\u00ed zahrad\u011b, nebo vych\u00e1zky do okol\u00ed<\/p>\n\n\n\n<p>Dramatick\u00e9 aktivity \u2013 vlastn\u00ed dramatizace p\u0159\u00edb\u011bh\u016f a poh\u00e1dek<\/p>\n\n\n\n<p>Pohybov\u00e9 aktivity \u2013 pravideln\u00e9 rann\u00ed rozcvi\u010dky, hran\u00ed kolektivn\u00edch her uvnit\u0159 i venku<\/p>\n\n\n\n<p>Rozvoj vyjad\u0159ov\u00e1n\u00ed a jazykov\u00fdch schopnost\u00ed \u2013 n\u00e1cvik b\u00e1sni\u010dek a \u0159\u00edkadel, angli\u010dtina hrou<\/p>\n\n\n\n<p>Hudebn\u00ed aktivity \u2013 zp\u011bv d\u011btsk\u00fdch p\u00edsn\u00ed s&nbsp;hudebn\u00edm doprovodem pe\u010duj\u00edc\u00ed osoby<\/p>\n\n\n\n<p>Tane\u010dn\u00ed aktivity \u2013 dostatek prostoru pro vlastn\u00ed pohybov\u00e9 vyj\u00e1d\u0159en\u00ed<\/p>\n\n\n\n<p>Voln\u00e1 hra \u2013 ve skupin\u011b, nebo individu\u00e1ln\u00ed<\/p>\n\n\n\n<p>Relaxace a odpo\u010dinek<\/p>\n\n\n\n<div style=\"height:40px\" aria-hidden=\"true\" class=\"wp-block-spacer\"><\/div>\n\n\n\n<p><strong>Dal\u0161\u00ed aktivity<\/strong><\/p>\n\n\n\n<p>Akce pro rodi\u010de s&nbsp;d\u011btmi \u2013 spolupr\u00e1ce rodi\u010d\u016f a d\u011bt\u00ed v&nbsp;DS p\u0159i nepravideln\u00fdch akc\u00edch jako jsou tvo\u0159en\u00ed s rodi\u010di, bes\u00eddky, ma\u0161karn\u00ed, oslavy V\u00e1noc a Velikonoc a dal\u0161\u00ed.<\/p>\n\n\n\n<p>V\u011bt\u0161\u00ed v\u00fdlety d\u011bt\u00ed s&nbsp;pe\u010duj\u00edc\u00edmi osobami \u2013 v\u00fdlety do okol\u00ed, n\u00e1v\u0161t\u011bva zoo a muze\u00ed, n\u00e1v\u0161t\u011bva knihovny m\u011bsta Plzn\u011b, v\u00e1no\u010dn\u00ed tramvaj a dal\u0161\u00ed.<\/p>\n\n\n\n<p>Po domluv\u011b s&nbsp;rodi\u010di oslava narozenin a sv\u00e1tku d\u011bt\u00ed v DS<\/p>\n\n\n\n<div style=\"height:40px\" aria-hidden=\"true\" class=\"wp-block-spacer\"><\/div>\n\n\n\n<p><\/p>\n","protected":false},"excerpt":{"rendered":"<p>Jsme nov\u00fd kolektiv, kter\u00fd nab\u00edz\u00ed hl\u00edd\u00e1n\u00ed d\u011bt\u00ed formou dvou d\u011btsk\u00fdch skupin. Zam\u011b\u0159ujeme se i na hodinov\u00e9 hl\u00edd\u00e1n\u00ed. Prostory na\u0161\u00ed DS se nach\u00e1z\u00ed v p\u0159\u00edzem\u00ed budovy Ovocn\u00e1 9 v Plzni &#8211; Doudlevc\u00edch a vyhovuj\u00ed po\u017eadavk\u016fm dle z\u00e1kona \u010d. 350\/2021 Sb., na [&hellip;]<\/p>\n","protected":false},"author":1,"featured_media":0,"parent":0,"menu_order":0,"comment_status":"closed","ping_status":"closed","template":"","meta":{"footnotes":""},"yoast_head":"<!-- This site is optimized with the Yoast SEO plugin v22.5 - https:\/\/yoast.com\/wordpress\/plugins\/seo\/ -->\n<title>\ud83d\udc3e O n\u00e1s \ud83d\udc3e - D\u011btsk\u00e9 skupiny Pejsci a Ko\u010di\u010dky Plze\u0148<\/title>\n<meta name=\"description\" content=\"Informace o d\u011btsk\u00e9 skupin\u011b D.S. Tlapky - Kde n\u00e1s najdete, co nab\u00edz\u00edme, jak to u n\u00e1s vypad\u00e1 a jak prob\u00edh\u00e1 v\u00fduka d\u011bt\u00ed.\" \/>\n<meta name=\"robots\" content=\"index, follow, max-snippet:-1, max-image-preview:large, max-video-preview:-1\" \/>\n<link rel=\"canonical\" href=\"https:\/\/ds-pejsci-a-kocicky.cz\/?page_id=12\" \/>\n<meta property=\"og:locale\" content=\"cs_CZ\" \/>\n<meta property=\"og:type\" content=\"article\" \/>\n<meta property=\"og:title\" content=\"\ud83d\udc3e O n\u00e1s \ud83d\udc3e - D\u011btsk\u00e9 skupiny Pejsci a Ko\u010di\u010dky Plze\u0148\" \/>\n<meta property=\"og:description\" content=\"Informace o d\u011btsk\u00e9 skupin\u011b D.S. Tlapky - Kde n\u00e1s najdete, co nab\u00edz\u00edme, jak to u n\u00e1s vypad\u00e1 a jak prob\u00edh\u00e1 v\u00fduka d\u011bt\u00ed.\" \/>\n<meta property=\"og:url\" content=\"https:\/\/ds-pejsci-a-kocicky.cz\/?page_id=12\" \/>\n<meta property=\"og:site_name\" content=\"D\u011btsk\u00e9 skupiny Pejsci a Ko\u010di\u010dky Plze\u0148\" \/>\n<meta property=\"article:publisher\" content=\"https:\/\/www.facebook.com\/profile.php?id=61558707441008\" \/>\n<meta property=\"article:modified_time\" content=\"2025-04-22T10:43:09+00:00\" \/>\n<meta property=\"og:image\" content=\"https:\/\/ds-pejsci-a-kocicky.cz\/wp-content\/uploads\/2024\/04\/cropped-pej-a-koc-logo-4-3-1-1024x994.png\" \/>\n\t<meta property=\"og:image:width\" content=\"1024\" \/>\n\t<meta property=\"og:image:height\" content=\"994\" \/>\n\t<meta property=\"og:image:type\" content=\"image\/png\" \/>\n<meta name=\"twitter:card\" content=\"summary_large_image\" \/>\n<meta name=\"twitter:label1\" content=\"Odhadovan\u00e1 doba \u010dten\u00ed\" \/>\n\t<meta name=\"twitter:data1\" content=\"2 minuty\" \/>\n<script type=\"application\/ld+json\" class=\"yoast-schema-graph\">{\"@context\":\"https:\/\/schema.org\",\"@graph\":[{\"@type\":[\"WebPage\",\"AboutPage\"],\"@id\":\"https:\/\/ds-pejsci-a-kocicky.cz\/?page_id=12\",\"url\":\"https:\/\/ds-pejsci-a-kocicky.cz\/?page_id=12\",\"name\":\"\ud83d\udc3e O n\u00e1s \ud83d\udc3e - D\u011btsk\u00e9 skupiny Pejsci a Ko\u010di\u010dky Plze\u0148\",\"isPartOf\":{\"@id\":\"https:\/\/ds-pejsci-a-kocicky.cz\/#website\"},\"datePublished\":\"2020-08-03T09:33:10+00:00\",\"dateModified\":\"2025-04-22T10:43:09+00:00\",\"description\":\"Informace o d\u011btsk\u00e9 skupin\u011b D.S. Tlapky - Kde n\u00e1s najdete, co nab\u00edz\u00edme, jak to u n\u00e1s vypad\u00e1 a jak prob\u00edh\u00e1 v\u00fduka d\u011bt\u00ed.\",\"breadcrumb\":{\"@id\":\"https:\/\/ds-pejsci-a-kocicky.cz\/?page_id=12#breadcrumb\"},\"inLanguage\":\"cs\",\"potentialAction\":[{\"@type\":\"ReadAction\",\"target\":[\"https:\/\/ds-pejsci-a-kocicky.cz\/?page_id=12\"]}]},{\"@type\":\"BreadcrumbList\",\"@id\":\"https:\/\/ds-pejsci-a-kocicky.cz\/?page_id=12#breadcrumb\",\"itemListElement\":[{\"@type\":\"ListItem\",\"position\":1,\"name\":\"Dom\u016f\",\"item\":\"https:\/\/ds-pejsci-a-kocicky.cz\/\"},{\"@type\":\"ListItem\",\"position\":2,\"name\":\"\ud83d\udc3e O n\u00e1s \ud83d\udc3e\"}]},{\"@type\":\"WebSite\",\"@id\":\"https:\/\/ds-pejsci-a-kocicky.cz\/#website\",\"url\":\"https:\/\/ds-pejsci-a-kocicky.cz\/\",\"name\":\"D\u011btsk\u00e9 skupiny Pejsci a Ko\u010di\u010dky\",\"description\":\"D\u011btsk\u00e9 skupiny Pejsci a Ko\u010di\u010dky Plze\u0148\",\"publisher\":{\"@id\":\"https:\/\/ds-pejsci-a-kocicky.cz\/#organization\"},\"potentialAction\":[{\"@type\":\"SearchAction\",\"target\":{\"@type\":\"EntryPoint\",\"urlTemplate\":\"https:\/\/ds-pejsci-a-kocicky.cz\/?s={search_term_string}\"},\"query-input\":\"required name=search_term_string\"}],\"inLanguage\":\"cs\"},{\"@type\":\"Organization\",\"@id\":\"https:\/\/ds-pejsci-a-kocicky.cz\/#organization\",\"name\":\"D\u011btsk\u00e9 skupiny Pejsci a Ko\u010di\u010dky\",\"url\":\"https:\/\/ds-pejsci-a-kocicky.cz\/\",\"logo\":{\"@type\":\"ImageObject\",\"inLanguage\":\"cs\",\"@id\":\"https:\/\/ds-pejsci-a-kocicky.cz\/#\/schema\/logo\/image\/\",\"url\":\"https:\/\/ds-pejsci-a-kocicky.cz\/wp-content\/uploads\/2024\/04\/cropped-pej-a-koc-logo-4-3-1-1024x994.png\",\"contentUrl\":\"https:\/\/ds-pejsci-a-kocicky.cz\/wp-content\/uploads\/2024\/04\/cropped-pej-a-koc-logo-4-3-1-1024x994.png\",\"width\":1024,\"height\":994,\"caption\":\"D\u011btsk\u00e9 skupiny Pejsci a Ko\u010di\u010dky\"},\"image\":{\"@id\":\"https:\/\/ds-pejsci-a-kocicky.cz\/#\/schema\/logo\/image\/\"},\"sameAs\":[\"https:\/\/www.facebook.com\/profile.php?id=61558707441008\",\"https:\/\/www.instagram.com\/ds_pejsci_a_kocicky_plzen\/?igsh=eTU4bjM3ejZpcWNj\"]}]}<\/script>\n<!-- \/ Yoast SEO plugin. -->","yoast_head_json":{"title":"\ud83d\udc3e O n\u00e1s \ud83d\udc3e - D\u011btsk\u00e9 skupiny Pejsci a Ko\u010di\u010dky Plze\u0148","description":"Informace o d\u011btsk\u00e9 skupin\u011b D.S. Tlapky - Kde n\u00e1s najdete, co nab\u00edz\u00edme, jak to u n\u00e1s vypad\u00e1 a jak prob\u00edh\u00e1 v\u00fduka d\u011bt\u00ed.","robots":{"index":"index","follow":"follow","max-snippet":"max-snippet:-1","max-image-preview":"max-image-preview:large","max-video-preview":"max-video-preview:-1"},"canonical":"https:\/\/ds-pejsci-a-kocicky.cz\/?page_id=12","og_locale":"cs_CZ","og_type":"article","og_title":"\ud83d\udc3e O n\u00e1s \ud83d\udc3e - D\u011btsk\u00e9 skupiny Pejsci a Ko\u010di\u010dky Plze\u0148","og_description":"Informace o d\u011btsk\u00e9 skupin\u011b D.S. Tlapky - Kde n\u00e1s najdete, co nab\u00edz\u00edme, jak to u n\u00e1s vypad\u00e1 a jak prob\u00edh\u00e1 v\u00fduka d\u011bt\u00ed.","og_url":"https:\/\/ds-pejsci-a-kocicky.cz\/?page_id=12","og_site_name":"D\u011btsk\u00e9 skupiny Pejsci a Ko\u010di\u010dky Plze\u0148","article_publisher":"https:\/\/www.facebook.com\/profile.php?id=61558707441008","article_modified_time":"2025-04-22T10:43:09+00:00","og_image":[{"width":1024,"height":994,"url":"https:\/\/ds-pejsci-a-kocicky.cz\/wp-content\/uploads\/2024\/04\/cropped-pej-a-koc-logo-4-3-1-1024x994.png","type":"image\/png"}],"twitter_card":"summary_large_image","twitter_misc":{"Odhadovan\u00e1 doba \u010dten\u00ed":"2 minuty"},"schema":{"@context":"https:\/\/schema.org","@graph":[{"@type":["WebPage","AboutPage"],"@id":"https:\/\/ds-pejsci-a-kocicky.cz\/?page_id=12","url":"https:\/\/ds-pejsci-a-kocicky.cz\/?page_id=12","name":"\ud83d\udc3e O n\u00e1s \ud83d\udc3e - D\u011btsk\u00e9 skupiny Pejsci a Ko\u010di\u010dky Plze\u0148","isPartOf":{"@id":"https:\/\/ds-pejsci-a-kocicky.cz\/#website"},"datePublished":"2020-08-03T09:33:10+00:00","dateModified":"2025-04-22T10:43:09+00:00","description":"Informace o d\u011btsk\u00e9 skupin\u011b D.S. Tlapky - Kde n\u00e1s najdete, co nab\u00edz\u00edme, jak to u n\u00e1s vypad\u00e1 a jak prob\u00edh\u00e1 v\u00fduka d\u011bt\u00ed.","breadcrumb":{"@id":"https:\/\/ds-pejsci-a-kocicky.cz\/?page_id=12#breadcrumb"},"inLanguage":"cs","potentialAction":[{"@type":"ReadAction","target":["https:\/\/ds-pejsci-a-kocicky.cz\/?page_id=12"]}]},{"@type":"BreadcrumbList","@id":"https:\/\/ds-pejsci-a-kocicky.cz\/?page_id=12#breadcrumb","itemListElement":[{"@type":"ListItem","position":1,"name":"Dom\u016f","item":"https:\/\/ds-pejsci-a-kocicky.cz\/"},{"@type":"ListItem","position":2,"name":"\ud83d\udc3e O n\u00e1s \ud83d\udc3e"}]},{"@type":"WebSite","@id":"https:\/\/ds-pejsci-a-kocicky.cz\/#website","url":"https:\/\/ds-pejsci-a-kocicky.cz\/","name":"D\u011btsk\u00e9 skupiny Pejsci a Ko\u010di\u010dky","description":"D\u011btsk\u00e9 skupiny Pejsci a Ko\u010di\u010dky Plze\u0148","publisher":{"@id":"https:\/\/ds-pejsci-a-kocicky.cz\/#organization"},"potentialAction":[{"@type":"SearchAction","target":{"@type":"EntryPoint","urlTemplate":"https:\/\/ds-pejsci-a-kocicky.cz\/?s={search_term_string}"},"query-input":"required name=search_term_string"}],"inLanguage":"cs"},{"@type":"Organization","@id":"https:\/\/ds-pejsci-a-kocicky.cz\/#organization","name":"D\u011btsk\u00e9 skupiny Pejsci a Ko\u010di\u010dky","url":"https:\/\/ds-pejsci-a-kocicky.cz\/","logo":{"@type":"ImageObject","inLanguage":"cs","@id":"https:\/\/ds-pejsci-a-kocicky.cz\/#\/schema\/logo\/image\/","url":"https:\/\/ds-pejsci-a-kocicky.cz\/wp-content\/uploads\/2024\/04\/cropped-pej-a-koc-logo-4-3-1-1024x994.png","contentUrl":"https:\/\/ds-pejsci-a-kocicky.cz\/wp-content\/uploads\/2024\/04\/cropped-pej-a-koc-logo-4-3-1-1024x994.png","width":1024,"height":994,"caption":"D\u011btsk\u00e9 skupiny Pejsci a Ko\u010di\u010dky"},"image":{"@id":"https:\/\/ds-pejsci-a-kocicky.cz\/#\/schema\/logo\/image\/"},"sameAs":["https:\/\/www.facebook.com\/profile.php?id=61558707441008","https:\/\/www.instagram.com\/ds_pejsci_a_kocicky_plzen\/?igsh=eTU4bjM3ejZpcWNj"]}]}},"_links":{"self":[{"href":"https:\/\/ds-pejsci-a-kocicky.cz\/index.php?rest_route=\/wp\/v2\/pages\/12"}],"collection":[{"href":"https:\/\/ds-pejsci-a-kocicky.cz\/index.php?rest_route=\/wp\/v2\/pages"}],"about":[{"href":"https:\/\/ds-pejsci-a-kocicky.cz\/index.php?rest_route=\/wp\/v2\/types\/page"}],"author":[{"embeddable":true,"href":"https:\/\/ds-pejsci-a-kocicky.cz\/index.php?rest_route=\/wp\/v2\/users\/1"}],"replies":[{"embeddable":true,"href":"https:\/\/ds-pejsci-a-kocicky.cz\/index.php?rest_route=%2Fwp%2Fv2%2Fcomments&post=12"}],"version-history":[{"count":17,"href":"https:\/\/ds-pejsci-a-kocicky.cz\/index.php?rest_route=\/wp\/v2\/pages\/12\/revisions"}],"predecessor-version":[{"id":567,"href":"https:\/\/ds-pejsci-a-kocicky.cz\/index.php?rest_route=\/wp\/v2\/pages\/12\/revisions\/567"}],"wp:attachment":[{"href":"https:\/\/ds-pejsci-a-kocicky.cz\/index.php?rest_route=%2Fwp%2Fv2%2Fmedia&parent=12"}],"curies":[{"name":"wp","href":"https:\/\/api.w.org\/{rel}","templated":true}]}}