{"id":2,"date":"2020-08-02T20:56:05","date_gmt":"2020-08-02T20:56:05","guid":{"rendered":"https:\/\/ds-pejsci-a-kocicky.cz\/?page_id=2"},"modified":"2025-04-22T12:40:23","modified_gmt":"2025-04-22T10:40:23","slug":"uvodni-stranka","status":"publish","type":"page","link":"https:\/\/ds-pejsci-a-kocicky.cz\/","title":{"rendered":""},"content":{"rendered":"<h1 style=\"text-align: center;\"><strong><em>V\u00edt\u00e1me V\u00e1s na str\u00e1nk\u00e1ch d\u011btsk\u00e9 skupiny Pejsci a d\u011btsk\u00e9 skupiny Ko\u010di\u010dky. <\/em><\/strong><\/h1>\n\n\n<p class=\"has-text-align-center\"><strong><em>Zaji\u0161\u0165ujeme v\u00fdchovu a vzd\u011bl\u00e1v\u00e1n\u00ed d\u011bt\u00ed od jednoho roku do p\u0159ed\u0161koln\u00edho v\u011bku. <\/em><\/strong><\/p>\n\n\n\n<p class=\"has-text-align-center\"><strong><em>V na\u0161ich skupin\u00e1ch klademe d\u016fraz na individualitu a jedine\u010dnost ka\u017ed\u00e9ho d\u00edt\u011bte. <\/em><\/strong><\/p>\n\n\n\n<div style=\"height:46px\" aria-hidden=\"true\" class=\"wp-block-spacer\"><\/div>\n\n\n\n<p class=\"has-text-align-center has-normal-font-size\"><strong><em>Na co se u n\u00e1s mohou d\u011bti t\u011b\u0161it:<\/em><\/strong><\/p>\n\n\n<p class=\"has-text-align-center\" style=\"font-size: 28px;\"><span style=\"font-family: 'Comic Sans MS', sans-serif; font-size: 18pt;\"><em>pravideln\u00e9 n\u00e1v\u0161t\u011bvy<\/em><strong><em> Soln\u00e9 jeskyn\u011b<\/em><\/strong> \ud83e\ude94<\/span><\/p>\n<p class=\"has-text-align-center\" style=\"font-size: 28px;\"><span style=\"font-family: 'Comic Sans MS', sans-serif; font-size: 18pt;\">pravideln\u00e9 hodiny <strong><em>Logopedie <\/em><\/strong>\ud83d\udc45<\/span><\/p>\n<p class=\"has-text-align-center\" style=\"font-size: 28px;\"><span style=\"font-family: 'Comic Sans MS', sans-serif; font-size: 18pt;\">pravideln\u00e9 <strong>Lekce Angli\u010dtiny<\/strong> \ud83c\udf93<\/span><\/p>\n<p class=\"has-text-align-center\" style=\"font-size: 28px;\"><span style=\"font-family: 'Comic Sans MS', sans-serif; font-size: 18pt;\"><strong>Cvi\u010den\u00ed <\/strong>dle modern\u00edch metod pro d\u011bti \ud83c\udfcb\ufe0f<\/span><\/p>\n<p style=\"text-align: center;\"><span style=\"font-size: 18pt; font-family: 'Comic Sans MS', sans-serif;\">n\u00e1v\u0161t\u011bvy <strong>Z<em>v\u00ed\u0159ec\u00edho centra <\/em><\/strong><em>v Plzni<\/em><strong> \ud83e\udda5<\/strong><\/span><\/p>\n<p style=\"text-align: center;\">V\u00edce informac\u00ed o aktivit\u00e1ch se dozv\u00edte <a href=\"https:\/\/ds-pejsci-a-kocicky.cz\/denni-harmonogram\/\">zde<\/a><\/p>\n\n\n<h2 class=\"wp-block-heading has-text-align-center\">Novinky<\/h2>\n\n\n<ul class=\"wp-block-latest-posts__list is-grid columns-3 has-dates aligncenter wp-block-latest-posts\"><li><div class=\"wp-block-latest-posts__featured-image\"><img loading=\"lazy\" decoding=\"async\" width=\"300\" height=\"300\" src=\"https:\/\/ds-pejsci-a-kocicky.cz\/wp-content\/uploads\/2024\/04\/Volna-1-300x300.png\" class=\"attachment-medium size-medium wp-post-image\" alt=\"\" style=\"\" srcset=\"https:\/\/ds-pejsci-a-kocicky.cz\/wp-content\/uploads\/2024\/04\/Volna-1-300x300.png 300w, https:\/\/ds-pejsci-a-kocicky.cz\/wp-content\/uploads\/2024\/04\/Volna-1-1024x1024.png 1024w, https:\/\/ds-pejsci-a-kocicky.cz\/wp-content\/uploads\/2024\/04\/Volna-1-150x150.png 150w, https:\/\/ds-pejsci-a-kocicky.cz\/wp-content\/uploads\/2024\/04\/Volna-1-768x768.png 768w, https:\/\/ds-pejsci-a-kocicky.cz\/wp-content\/uploads\/2024\/04\/Volna-1-640x640.png 640w, https:\/\/ds-pejsci-a-kocicky.cz\/wp-content\/uploads\/2024\/04\/Volna-1-240x240.png 240w, https:\/\/ds-pejsci-a-kocicky.cz\/wp-content\/uploads\/2024\/04\/Volna-1-110x110.png 110w, https:\/\/ds-pejsci-a-kocicky.cz\/wp-content\/uploads\/2024\/04\/Volna-1-50x50.png 50w, https:\/\/ds-pejsci-a-kocicky.cz\/wp-content\/uploads\/2024\/04\/Volna-1.png 1080w\" sizes=\"(max-width: 300px) 100vw, 300px\" \/><\/div><a class=\"wp-block-latest-posts__post-title\" href=\"https:\/\/ds-pejsci-a-kocicky.cz\/?p=453\">Z\u00e1pis na \u0161koln\u00ed rok 2025\/2026<\/a><time datetime=\"2024-04-02T11:57:58+02:00\" class=\"wp-block-latest-posts__post-date\">2 dubna, 2024<\/time><div class=\"wp-block-latest-posts__post-excerpt\">Na \u0161koln\u00ed rok 2025\/2026 otev\u00edr\u00e1me z\u00e1pisy d\u011bt\u00ed do na\u0161ich dvou nov\u00fdch d\u011btsk\u00fdch skupin \u2013 Pejsci a Ko\u010di\u010dky. Jedn\u00e1 se o dv\u011b d\u011btsk\u00e9 skupiny v ulici Ovocn\u00e1 v Plzni Doudlevc\u00edch , kde jsme pro va\u0161e nejmen\u0161\u00ed p\u0159ipravili kr\u00e1sn\u00e9 nov\u00e9 prostory s\u2026 <a href=\"https:\/\/ds-pejsci-a-kocicky.cz\/?p=453\" rel=\"noopener noreferrer\">V\u00edce informac\u00ed<span class=\"screen-reader-text\">: Z\u00e1pis na \u0161koln\u00ed rok 2025\/2026<\/span><\/a><\/div><\/li>\n<\/ul>\n\n\n<h2 class=\"wp-block-heading\"><\/h2>\n","protected":false},"excerpt":{"rendered":"<p>V\u00edt\u00e1me V\u00e1s na str\u00e1nk\u00e1ch d\u011btsk\u00e9 skupiny Pejsci a d\u011btsk\u00e9 skupiny Ko\u010di\u010dky. Zaji\u0161\u0165ujeme v\u00fdchovu a vzd\u011bl\u00e1v\u00e1n\u00ed d\u011bt\u00ed od jednoho roku do p\u0159ed\u0161koln\u00edho v\u011bku. V na\u0161ich skupin\u00e1ch klademe d\u016fraz na individualitu a jedine\u010dnost ka\u017ed\u00e9ho d\u00edt\u011bte. Na co se u n\u00e1s mohou d\u011bti [&hellip;]<\/p>\n","protected":false},"author":1,"featured_media":467,"parent":0,"menu_order":0,"comment_status":"closed","ping_status":"open","template":"","meta":{"footnotes":""},"yoast_head":"<!-- This site is optimized with the Yoast SEO plugin v22.5 - https:\/\/yoast.com\/wordpress\/plugins\/seo\/ -->\n<title>- D\u011btsk\u00e9 skupiny Pejsci a Ko\u010di\u010dky Plze\u0148<\/title>\n<meta name=\"description\" content=\"D\u011btsk\u00e1 skupina - alternativa klasick\u00e9 mate\u0159sk\u00e9 \u0161kolky, se s\u00eddlem v Plzni na adre Ovocn\u00e1 9, kterou bude va\u0161e d\u00edt\u011b zbo\u017e\u0148ovat! A vy tak\u00e9!\" \/>\n<meta name=\"robots\" content=\"index, follow, max-snippet:-1, max-image-preview:large, max-video-preview:-1\" \/>\n<link rel=\"canonical\" href=\"https:\/\/ds-pejsci-a-kocicky.cz\/\" \/>\n<meta property=\"og:locale\" content=\"cs_CZ\" \/>\n<meta property=\"og:type\" content=\"article\" \/>\n<meta property=\"og:title\" content=\"- D\u011btsk\u00e9 skupiny Pejsci a Ko\u010di\u010dky Plze\u0148\" \/>\n<meta property=\"og:description\" content=\"D\u011btsk\u00e1 skupina - alternativa klasick\u00e9 mate\u0159sk\u00e9 \u0161kolky, se s\u00eddlem v Plzni na adre Ovocn\u00e1 9, kterou bude va\u0161e d\u00edt\u011b zbo\u017e\u0148ovat! A vy tak\u00e9!\" \/>\n<meta property=\"og:url\" content=\"https:\/\/ds-pejsci-a-kocicky.cz\/\" \/>\n<meta property=\"og:site_name\" content=\"D\u011btsk\u00e9 skupiny Pejsci a Ko\u010di\u010dky Plze\u0148\" \/>\n<meta property=\"article:publisher\" content=\"https:\/\/www.facebook.com\/profile.php?id=61558707441008\" \/>\n<meta property=\"article:modified_time\" content=\"2025-04-22T10:40:23+00:00\" \/>\n<meta property=\"og:image\" content=\"https:\/\/ds-pejsci-a-kocicky.cz\/wp-content\/uploads\/2024\/04\/cropped-pej-a-koc-logo-4-3-1-1024x994.png\" \/>\n\t<meta property=\"og:image:width\" content=\"1024\" \/>\n\t<meta property=\"og:image:height\" content=\"994\" \/>\n\t<meta property=\"og:image:type\" content=\"image\/png\" \/>\n<meta name=\"twitter:card\" content=\"summary_large_image\" \/>\n<meta name=\"twitter:label1\" content=\"Odhadovan\u00e1 doba \u010dten\u00ed\" \/>\n\t<meta name=\"twitter:data1\" content=\"1 minuta\" \/>\n<script type=\"application\/ld+json\" class=\"yoast-schema-graph\">{\"@context\":\"https:\/\/schema.org\",\"@graph\":[{\"@type\":[\"WebPage\",\"ProfilePage\"],\"@id\":\"https:\/\/ds-pejsci-a-kocicky.cz\/\",\"url\":\"https:\/\/ds-pejsci-a-kocicky.cz\/\",\"name\":\"- D\u011btsk\u00e9 skupiny Pejsci a Ko\u010di\u010dky Plze\u0148\",\"isPartOf\":{\"@id\":\"https:\/\/ds-pejsci-a-kocicky.cz\/#website\"},\"primaryImageOfPage\":{\"@id\":\"https:\/\/ds-pejsci-a-kocicky.cz\/#primaryimage\"},\"image\":{\"@id\":\"https:\/\/ds-pejsci-a-kocicky.cz\/#primaryimage\"},\"thumbnailUrl\":\"https:\/\/ds-pejsci-a-kocicky.cz\/wp-content\/uploads\/2024\/04\/cropped-pej-a-koc-logo-4-3-1.png\",\"datePublished\":\"2020-08-02T20:56:05+00:00\",\"dateModified\":\"2025-04-22T10:40:23+00:00\",\"description\":\"D\u011btsk\u00e1 skupina - alternativa klasick\u00e9 mate\u0159sk\u00e9 \u0161kolky, se s\u00eddlem v Plzni na adre Ovocn\u00e1 9, kterou bude va\u0161e d\u00edt\u011b zbo\u017e\u0148ovat! A vy tak\u00e9!\",\"inLanguage\":\"cs\",\"potentialAction\":[{\"@type\":\"ReadAction\",\"target\":[\"https:\/\/ds-pejsci-a-kocicky.cz\/\"]}]},{\"@type\":\"ImageObject\",\"inLanguage\":\"cs\",\"@id\":\"https:\/\/ds-pejsci-a-kocicky.cz\/#primaryimage\",\"url\":\"https:\/\/ds-pejsci-a-kocicky.cz\/wp-content\/uploads\/2024\/04\/cropped-pej-a-koc-logo-4-3-1.png\",\"contentUrl\":\"https:\/\/ds-pejsci-a-kocicky.cz\/wp-content\/uploads\/2024\/04\/cropped-pej-a-koc-logo-4-3-1.png\",\"width\":3290,\"height\":3195},{\"@type\":\"WebSite\",\"@id\":\"https:\/\/ds-pejsci-a-kocicky.cz\/#website\",\"url\":\"https:\/\/ds-pejsci-a-kocicky.cz\/\",\"name\":\"D\u011btsk\u00e9 skupiny Pejsci a Ko\u010di\u010dky\",\"description\":\"D\u011btsk\u00e9 skupiny Pejsci a Ko\u010di\u010dky Plze\u0148\",\"publisher\":{\"@id\":\"https:\/\/ds-pejsci-a-kocicky.cz\/#organization\"},\"potentialAction\":[{\"@type\":\"SearchAction\",\"target\":{\"@type\":\"EntryPoint\",\"urlTemplate\":\"https:\/\/ds-pejsci-a-kocicky.cz\/?s={search_term_string}\"},\"query-input\":\"required name=search_term_string\"}],\"inLanguage\":\"cs\"},{\"@type\":\"Organization\",\"@id\":\"https:\/\/ds-pejsci-a-kocicky.cz\/#organization\",\"name\":\"D\u011btsk\u00e9 skupiny Pejsci a Ko\u010di\u010dky\",\"url\":\"https:\/\/ds-pejsci-a-kocicky.cz\/\",\"logo\":{\"@type\":\"ImageObject\",\"inLanguage\":\"cs\",\"@id\":\"https:\/\/ds-pejsci-a-kocicky.cz\/#\/schema\/logo\/image\/\",\"url\":\"https:\/\/ds-pejsci-a-kocicky.cz\/wp-content\/uploads\/2024\/04\/cropped-pej-a-koc-logo-4-3-1-1024x994.png\",\"contentUrl\":\"https:\/\/ds-pejsci-a-kocicky.cz\/wp-content\/uploads\/2024\/04\/cropped-pej-a-koc-logo-4-3-1-1024x994.png\",\"width\":1024,\"height\":994,\"caption\":\"D\u011btsk\u00e9 skupiny Pejsci a Ko\u010di\u010dky\"},\"image\":{\"@id\":\"https:\/\/ds-pejsci-a-kocicky.cz\/#\/schema\/logo\/image\/\"},\"sameAs\":[\"https:\/\/www.facebook.com\/profile.php?id=61558707441008\",\"https:\/\/www.instagram.com\/ds_pejsci_a_kocicky_plzen\/?igsh=eTU4bjM3ejZpcWNj\"],\"mainEntityOfPage\":{\"@id\":\"https:\/\/ds-pejsci-a-kocicky.cz\/\"}}]}<\/script>\n<!-- \/ Yoast SEO plugin. -->","yoast_head_json":{"title":"- D\u011btsk\u00e9 skupiny Pejsci a Ko\u010di\u010dky Plze\u0148","description":"D\u011btsk\u00e1 skupina - alternativa klasick\u00e9 mate\u0159sk\u00e9 \u0161kolky, se s\u00eddlem v Plzni na adre Ovocn\u00e1 9, kterou bude va\u0161e d\u00edt\u011b zbo\u017e\u0148ovat! A vy tak\u00e9!","robots":{"index":"index","follow":"follow","max-snippet":"max-snippet:-1","max-image-preview":"max-image-preview:large","max-video-preview":"max-video-preview:-1"},"canonical":"https:\/\/ds-pejsci-a-kocicky.cz\/","og_locale":"cs_CZ","og_type":"article","og_title":"- D\u011btsk\u00e9 skupiny Pejsci a Ko\u010di\u010dky Plze\u0148","og_description":"D\u011btsk\u00e1 skupina - alternativa klasick\u00e9 mate\u0159sk\u00e9 \u0161kolky, se s\u00eddlem v Plzni na adre Ovocn\u00e1 9, kterou bude va\u0161e d\u00edt\u011b zbo\u017e\u0148ovat! A vy tak\u00e9!","og_url":"https:\/\/ds-pejsci-a-kocicky.cz\/","og_site_name":"D\u011btsk\u00e9 skupiny Pejsci a Ko\u010di\u010dky Plze\u0148","article_publisher":"https:\/\/www.facebook.com\/profile.php?id=61558707441008","article_modified_time":"2025-04-22T10:40:23+00:00","og_image":[{"width":1024,"height":994,"url":"https:\/\/ds-pejsci-a-kocicky.cz\/wp-content\/uploads\/2024\/04\/cropped-pej-a-koc-logo-4-3-1-1024x994.png","type":"image\/png"}],"twitter_card":"summary_large_image","twitter_misc":{"Odhadovan\u00e1 doba \u010dten\u00ed":"1 minuta"},"schema":{"@context":"https:\/\/schema.org","@graph":[{"@type":["WebPage","ProfilePage"],"@id":"https:\/\/ds-pejsci-a-kocicky.cz\/","url":"https:\/\/ds-pejsci-a-kocicky.cz\/","name":"- D\u011btsk\u00e9 skupiny Pejsci a Ko\u010di\u010dky Plze\u0148","isPartOf":{"@id":"https:\/\/ds-pejsci-a-kocicky.cz\/#website"},"primaryImageOfPage":{"@id":"https:\/\/ds-pejsci-a-kocicky.cz\/#primaryimage"},"image":{"@id":"https:\/\/ds-pejsci-a-kocicky.cz\/#primaryimage"},"thumbnailUrl":"https:\/\/ds-pejsci-a-kocicky.cz\/wp-content\/uploads\/2024\/04\/cropped-pej-a-koc-logo-4-3-1.png","datePublished":"2020-08-02T20:56:05+00:00","dateModified":"2025-04-22T10:40:23+00:00","description":"D\u011btsk\u00e1 skupina - alternativa klasick\u00e9 mate\u0159sk\u00e9 \u0161kolky, se s\u00eddlem v Plzni na adre Ovocn\u00e1 9, kterou bude va\u0161e d\u00edt\u011b zbo\u017e\u0148ovat! A vy tak\u00e9!","inLanguage":"cs","potentialAction":[{"@type":"ReadAction","target":["https:\/\/ds-pejsci-a-kocicky.cz\/"]}]},{"@type":"ImageObject","inLanguage":"cs","@id":"https:\/\/ds-pejsci-a-kocicky.cz\/#primaryimage","url":"https:\/\/ds-pejsci-a-kocicky.cz\/wp-content\/uploads\/2024\/04\/cropped-pej-a-koc-logo-4-3-1.png","contentUrl":"https:\/\/ds-pejsci-a-kocicky.cz\/wp-content\/uploads\/2024\/04\/cropped-pej-a-koc-logo-4-3-1.png","width":3290,"height":3195},{"@type":"WebSite","@id":"https:\/\/ds-pejsci-a-kocicky.cz\/#website","url":"https:\/\/ds-pejsci-a-kocicky.cz\/","name":"D\u011btsk\u00e9 skupiny Pejsci a Ko\u010di\u010dky","description":"D\u011btsk\u00e9 skupiny Pejsci a Ko\u010di\u010dky Plze\u0148","publisher":{"@id":"https:\/\/ds-pejsci-a-kocicky.cz\/#organization"},"potentialAction":[{"@type":"SearchAction","target":{"@type":"EntryPoint","urlTemplate":"https:\/\/ds-pejsci-a-kocicky.cz\/?s={search_term_string}"},"query-input":"required name=search_term_string"}],"inLanguage":"cs"},{"@type":"Organization","@id":"https:\/\/ds-pejsci-a-kocicky.cz\/#organization","name":"D\u011btsk\u00e9 skupiny Pejsci a Ko\u010di\u010dky","url":"https:\/\/ds-pejsci-a-kocicky.cz\/","logo":{"@type":"ImageObject","inLanguage":"cs","@id":"https:\/\/ds-pejsci-a-kocicky.cz\/#\/schema\/logo\/image\/","url":"https:\/\/ds-pejsci-a-kocicky.cz\/wp-content\/uploads\/2024\/04\/cropped-pej-a-koc-logo-4-3-1-1024x994.png","contentUrl":"https:\/\/ds-pejsci-a-kocicky.cz\/wp-content\/uploads\/2024\/04\/cropped-pej-a-koc-logo-4-3-1-1024x994.png","width":1024,"height":994,"caption":"D\u011btsk\u00e9 skupiny Pejsci a Ko\u010di\u010dky"},"image":{"@id":"https:\/\/ds-pejsci-a-kocicky.cz\/#\/schema\/logo\/image\/"},"sameAs":["https:\/\/www.facebook.com\/profile.php?id=61558707441008","https:\/\/www.instagram.com\/ds_pejsci_a_kocicky_plzen\/?igsh=eTU4bjM3ejZpcWNj"],"mainEntityOfPage":{"@id":"https:\/\/ds-pejsci-a-kocicky.cz\/"}}]}},"_links":{"self":[{"href":"https:\/\/ds-pejsci-a-kocicky.cz\/index.php?rest_route=\/wp\/v2\/pages\/2"}],"collection":[{"href":"https:\/\/ds-pejsci-a-kocicky.cz\/index.php?rest_route=\/wp\/v2\/pages"}],"about":[{"href":"https:\/\/ds-pejsci-a-kocicky.cz\/index.php?rest_route=\/wp\/v2\/types\/page"}],"author":[{"embeddable":true,"href":"https:\/\/ds-pejsci-a-kocicky.cz\/index.php?rest_route=\/wp\/v2\/users\/1"}],"replies":[{"embeddable":true,"href":"https:\/\/ds-pejsci-a-kocicky.cz\/index.php?rest_route=%2Fwp%2Fv2%2Fcomments&post=2"}],"version-history":[{"count":49,"href":"https:\/\/ds-pejsci-a-kocicky.cz\/index.php?rest_route=\/wp\/v2\/pages\/2\/revisions"}],"predecessor-version":[{"id":566,"href":"https:\/\/ds-pejsci-a-kocicky.cz\/index.php?rest_route=\/wp\/v2\/pages\/2\/revisions\/566"}],"wp:featuredmedia":[{"embeddable":true,"href":"https:\/\/ds-pejsci-a-kocicky.cz\/index.php?rest_route=\/wp\/v2\/media\/467"}],"wp:attachment":[{"href":"https:\/\/ds-pejsci-a-kocicky.cz\/index.php?rest_route=%2Fwp%2Fv2%2Fmedia&parent=2"}],"curies":[{"name":"wp","href":"https:\/\/api.w.org\/{rel}","templated":true}]}}