{"id":8,"date":"2020-08-03T09:32:34","date_gmt":"2020-08-03T09:32:34","guid":{"rendered":"https:\/\/ds-pejsci-a-kocicky.cz\/?page_id=8"},"modified":"2026-03-22T10:46:29","modified_gmt":"2026-03-22T08:46:29","slug":"kontakt","status":"publish","type":"page","link":"https:\/\/ds-pejsci-a-kocicky.cz\/?page_id=8","title":{"rendered":"\ud83d\udcde Kontakt \ud83d\udcde"},"content":{"rendered":"\n<p class=\"has-text-align-center\"><strong>D\u011btsk\u00e1 skupina Pejsci a D\u011btsk\u00e1 skupina Ko\u010di\u010dky<\/strong><\/p>\n\n\n\n<p class=\"has-text-align-center\">D\u011btsk\u00e1 skupina Altair, z. s., I\u010cO: <a href=\"https:\/\/rejstrik-firem.kurzy.cz\/09261630\/detska-skupina-altair-z-s\/\">09261630<\/a><\/p>\n\n\n\n<p class=\"has-text-align-center\">\ud83c\udfe1 Ovocn\u00e1 9, 301 00, Plze\u0148<\/p>\n\n\n\n<p class=\"has-text-align-center\">\u260e\ufe0f 704\u00a0609\u00a0087 Po \u2013 P\u00e1 7:00\u2013 16:30<\/p>\n\n\n\n<p class=\"has-text-align-center\">\u260e\ufe0f Pro informace ohledn\u011b z\u00e1pisu volejte p. \u0159editelce na tel. \u010d. 604 439 333.<\/p>\n\n\n\n<p class=\"has-text-align-center\">\ud83d\udce7 info@ds-pejsci-a-kocicky.cz<\/p>\n\n\n\n<center><iframe src=\"https:\/\/www.google.com\/maps\/embed?pb=!1m18!1m12!1m3!1d2579.487281578863!2d13.38468866961719!3d49.72045360537729!2m3!1f0!2f0!3f0!3m2!1i1024!2i768!4f13.1!3m3!1m2!1s0x470aee3ea7fee61d%3A0x3826105229eb3c83!2zT3ZvY27DoSAxMTIvOSwgMzAxIDAwIFBsemXFiCAz!5e0!3m2!1scs!2scz!4v1712750433791!5m2!1scs!2scz\" width=\"600\" height=\"450\" style=\"border:0;\" allowfullscreen=\"\" loading=\"lazy\" referrerpolicy=\"no-referrer-when-downgrade\"><\/iframe><\/center>\n\n\n\n<div style=\"height:64px\" aria-hidden=\"true\" class=\"wp-block-spacer\"><\/div>\n\n\n\n<p class=\"has-text-align-center\"><strong>Kontaktn\u00ed formul\u00e1\u0159<\/strong><\/p>\n\n\n<p><center><div class=\"wpforms-container wpforms-container-full\" id=\"wpforms-181\"><form id=\"wpforms-form-181\" class=\"wpforms-validate wpforms-form\" data-formid=\"181\" method=\"post\" enctype=\"multipart\/form-data\" action=\"\/index.php?rest_route=%2Fwp%2Fv2%2Fpages%2F8\" data-token=\"93348b885e50bde3f8c3e71782189190\"><noscript class=\"wpforms-error-noscript\">Chcete-li vyplnit tento formul\u00e1\u0159, pros\u00edm povolte v prohl\u00ed\u017ee\u010di JavaScript.<\/noscript><div class=\"wpforms-field-container\"><div id=\"wpforms-181-field_0-container\" class=\"wpforms-field wpforms-field-name\" data-field-id=\"0\"><label class=\"wpforms-field-label\" for=\"wpforms-181-field_0\">Jm\u00e9no <span class=\"wpforms-required-label\">*<\/span><\/label><div class=\"wpforms-field-row wpforms-field-medium\"><div class=\"wpforms-field-row-block wpforms-first wpforms-one-half\"><input type=\"text\" id=\"wpforms-181-field_0\" class=\"wpforms-field-name-first wpforms-field-required\" name=\"wpforms[fields][0][first]\" required><label for=\"wpforms-181-field_0\" class=\"wpforms-field-sublabel after \">K\u0159estn\u00ed jm\u00e9no<\/label><\/div><div class=\"wpforms-field-row-block wpforms-one-half\"><input type=\"text\" id=\"wpforms-181-field_0-last\" class=\"wpforms-field-name-last wpforms-field-required\" name=\"wpforms[fields][0][last]\" required><label for=\"wpforms-181-field_0-last\" class=\"wpforms-field-sublabel after \">P\u0159\u00edjmen\u00ed<\/label><\/div><\/div><\/div><div id=\"wpforms-181-field_1-container\" class=\"wpforms-field wpforms-field-email\" data-field-id=\"1\"><label class=\"wpforms-field-label\" for=\"wpforms-181-field_1\">Email <span class=\"wpforms-required-label\">*<\/span><\/label><input type=\"email\" id=\"wpforms-181-field_1\" class=\"wpforms-field-medium wpforms-field-required\" name=\"wpforms[fields][1]\" spellcheck=\"false\" required><\/div><div id=\"wpforms-181-field_3-container\" class=\"wpforms-field wpforms-field-text\" data-field-id=\"3\"><label class=\"wpforms-field-label\" for=\"wpforms-181-field_3\">Telefonn\u00ed \u010d\u00edslo<\/label><input type=\"text\" id=\"wpforms-181-field_3\" class=\"wpforms-field-medium\" name=\"wpforms[fields][3]\" ><\/div><div id=\"wpforms-181-field_2-container\" class=\"wpforms-field wpforms-field-textarea\" data-field-id=\"2\"><label class=\"wpforms-field-label\" for=\"wpforms-181-field_2\">Koment\u00e1\u0159 nebo zpr\u00e1va <span class=\"wpforms-required-label\">*<\/span><\/label><textarea id=\"wpforms-181-field_2\" class=\"wpforms-field-medium wpforms-field-required\" name=\"wpforms[fields][2]\" required><\/textarea><\/div><\/div><!-- .wpforms-field-container --><div class=\"wpforms-field wpforms-field-hp\"><label for=\"wpforms-181-field-hp\" class=\"wpforms-field-label\">Email<\/label><input type=\"text\" name=\"wpforms[hp]\" id=\"wpforms-181-field-hp\" class=\"wpforms-field-medium\"><\/div><div class=\"wpforms-submit-container\" ><input type=\"hidden\" name=\"wpforms[id]\" value=\"181\"><input type=\"hidden\" name=\"wpforms[author]\" value=\"1\"><button type=\"submit\" name=\"wpforms[submit]\" id=\"wpforms-submit-181\" class=\"wpforms-submit\" data-alt-text=\"Odes\u00edl\u00e1ni...\" data-submit-text=\"Odeslat\" aria-live=\"assertive\" value=\"wpforms-submit\">Odeslat<\/button><\/div><\/form><\/div>  <!-- .wpforms-container --><\/center><\/p>\n\n\n\n<p><\/p>\n","protected":false},"excerpt":{"rendered":"<p>D\u011btsk\u00e1 skupina Pejsci a D\u011btsk\u00e1 skupina Ko\u010di\u010dky D\u011btsk\u00e1 skupina Altair, z. s., I\u010cO: 09261630 \ud83c\udfe1 Ovocn\u00e1 9, 301 00, Plze\u0148 \u260e\ufe0f 704\u00a0609\u00a0087 Po \u2013 P\u00e1 7:00\u2013 16:30 \u260e\ufe0f Pro informace ohledn\u011b z\u00e1pisu volejte p. \u0159editelce na tel. \u010d. 604 439 [&hellip;]<\/p>\n","protected":false},"author":1,"featured_media":0,"parent":0,"menu_order":0,"comment_status":"closed","ping_status":"closed","template":"","meta":{"footnotes":""},"yoast_head":"<!-- This site is optimized with the Yoast SEO plugin v22.5 - https:\/\/yoast.com\/wordpress\/plugins\/seo\/ -->\n<title>\ud83d\udcde Kontakt \ud83d\udcde - D\u011btsk\u00e9 skupiny Pejsci a Ko\u010di\u010dky Plze\u0148 - tel. 704 609 087 nebo info@ds-pejsci-a-kocicky.cz<\/title>\n<meta name=\"description\" content=\"D\u011btsk\u00e1 skupina - alternatica klasick\u00e9 mate\u0159sk\u00e9 \u0161kolky, se s\u00eddlem v Plzni na adrese Kopern\u00edkova 15, kterou bude va\u0161e d\u00edt\u011b zbo\u017e\u0148ovat! A vy tak\u00e9!\" \/>\n<meta name=\"robots\" content=\"index, follow, max-snippet:-1, max-image-preview:large, max-video-preview:-1\" \/>\n<link rel=\"canonical\" href=\"https:\/\/ds-pejsci-a-kocicky.cz\/?page_id=8\" \/>\n<meta property=\"og:locale\" content=\"cs_CZ\" \/>\n<meta property=\"og:type\" content=\"article\" \/>\n<meta property=\"og:title\" content=\"\ud83d\udcde Kontakt \ud83d\udcde - D\u011btsk\u00e9 skupiny Pejsci a Ko\u010di\u010dky Plze\u0148 - tel. 704 609 087 nebo info@ds-pejsci-a-kocicky.cz\" \/>\n<meta property=\"og:description\" content=\"D\u011btsk\u00e1 skupina - alternatica klasick\u00e9 mate\u0159sk\u00e9 \u0161kolky, se s\u00eddlem v Plzni na adrese Kopern\u00edkova 15, kterou bude va\u0161e d\u00edt\u011b zbo\u017e\u0148ovat! A vy tak\u00e9!\" \/>\n<meta property=\"og:url\" content=\"https:\/\/ds-pejsci-a-kocicky.cz\/?page_id=8\" \/>\n<meta property=\"og:site_name\" content=\"D\u011btsk\u00e9 skupiny Pejsci a Ko\u010di\u010dky Plze\u0148\" \/>\n<meta property=\"article:publisher\" content=\"https:\/\/www.facebook.com\/profile.php?id=61558707441008\" \/>\n<meta property=\"article:modified_time\" content=\"2026-03-22T08:46:29+00:00\" \/>\n<meta property=\"og:image\" content=\"https:\/\/ds-pejsci-a-kocicky.cz\/wp-content\/uploads\/2024\/04\/cropped-pej-a-koc-logo-4-3-1-1024x994.png\" \/>\n\t<meta property=\"og:image:width\" content=\"1024\" \/>\n\t<meta property=\"og:image:height\" content=\"994\" \/>\n\t<meta property=\"og:image:type\" content=\"image\/png\" \/>\n<meta name=\"twitter:card\" content=\"summary_large_image\" \/>\n<meta name=\"twitter:label1\" content=\"Odhadovan\u00e1 doba \u010dten\u00ed\" \/>\n\t<meta name=\"twitter:data1\" content=\"1 minuta\" \/>\n<script type=\"application\/ld+json\" class=\"yoast-schema-graph\">{\"@context\":\"https:\/\/schema.org\",\"@graph\":[{\"@type\":[\"WebPage\",\"ContactPage\"],\"@id\":\"https:\/\/ds-pejsci-a-kocicky.cz\/?page_id=8\",\"url\":\"https:\/\/ds-pejsci-a-kocicky.cz\/?page_id=8\",\"name\":\"\ud83d\udcde Kontakt \ud83d\udcde - D\u011btsk\u00e9 skupiny Pejsci a Ko\u010di\u010dky Plze\u0148 - tel. 704 609 087 nebo info@ds-pejsci-a-kocicky.cz\",\"isPartOf\":{\"@id\":\"https:\/\/ds-pejsci-a-kocicky.cz\/#website\"},\"datePublished\":\"2020-08-03T09:32:34+00:00\",\"dateModified\":\"2026-03-22T08:46:29+00:00\",\"description\":\"D\u011btsk\u00e1 skupina - alternatica klasick\u00e9 mate\u0159sk\u00e9 \u0161kolky, se s\u00eddlem v Plzni na adrese Kopern\u00edkova 15, kterou bude va\u0161e d\u00edt\u011b zbo\u017e\u0148ovat! A vy tak\u00e9!\",\"breadcrumb\":{\"@id\":\"https:\/\/ds-pejsci-a-kocicky.cz\/?page_id=8#breadcrumb\"},\"inLanguage\":\"cs\",\"potentialAction\":[{\"@type\":\"ReadAction\",\"target\":[\"https:\/\/ds-pejsci-a-kocicky.cz\/?page_id=8\"]}]},{\"@type\":\"BreadcrumbList\",\"@id\":\"https:\/\/ds-pejsci-a-kocicky.cz\/?page_id=8#breadcrumb\",\"itemListElement\":[{\"@type\":\"ListItem\",\"position\":1,\"name\":\"Dom\u016f\",\"item\":\"https:\/\/ds-pejsci-a-kocicky.cz\/\"},{\"@type\":\"ListItem\",\"position\":2,\"name\":\"\ud83d\udcde Kontakt \ud83d\udcde\"}]},{\"@type\":\"WebSite\",\"@id\":\"https:\/\/ds-pejsci-a-kocicky.cz\/#website\",\"url\":\"https:\/\/ds-pejsci-a-kocicky.cz\/\",\"name\":\"D\u011btsk\u00e9 skupiny Pejsci a Ko\u010di\u010dky\",\"description\":\"D\u011btsk\u00e9 skupiny Pejsci a Ko\u010di\u010dky Plze\u0148\",\"publisher\":{\"@id\":\"https:\/\/ds-pejsci-a-kocicky.cz\/#organization\"},\"potentialAction\":[{\"@type\":\"SearchAction\",\"target\":{\"@type\":\"EntryPoint\",\"urlTemplate\":\"https:\/\/ds-pejsci-a-kocicky.cz\/?s={search_term_string}\"},\"query-input\":\"required name=search_term_string\"}],\"inLanguage\":\"cs\"},{\"@type\":\"Organization\",\"@id\":\"https:\/\/ds-pejsci-a-kocicky.cz\/#organization\",\"name\":\"D\u011btsk\u00e9 skupiny Pejsci a Ko\u010di\u010dky\",\"url\":\"https:\/\/ds-pejsci-a-kocicky.cz\/\",\"logo\":{\"@type\":\"ImageObject\",\"inLanguage\":\"cs\",\"@id\":\"https:\/\/ds-pejsci-a-kocicky.cz\/#\/schema\/logo\/image\/\",\"url\":\"https:\/\/ds-pejsci-a-kocicky.cz\/wp-content\/uploads\/2024\/04\/cropped-pej-a-koc-logo-4-3-1-1024x994.png\",\"contentUrl\":\"https:\/\/ds-pejsci-a-kocicky.cz\/wp-content\/uploads\/2024\/04\/cropped-pej-a-koc-logo-4-3-1-1024x994.png\",\"width\":1024,\"height\":994,\"caption\":\"D\u011btsk\u00e9 skupiny Pejsci a Ko\u010di\u010dky\"},\"image\":{\"@id\":\"https:\/\/ds-pejsci-a-kocicky.cz\/#\/schema\/logo\/image\/\"},\"sameAs\":[\"https:\/\/www.facebook.com\/profile.php?id=61558707441008\",\"https:\/\/www.instagram.com\/ds_pejsci_a_kocicky_plzen\/?igsh=eTU4bjM3ejZpcWNj\"]}]}<\/script>\n<!-- \/ Yoast SEO plugin. -->","yoast_head_json":{"title":"\ud83d\udcde Kontakt \ud83d\udcde - D\u011btsk\u00e9 skupiny Pejsci a Ko\u010di\u010dky Plze\u0148 - tel. 704 609 087 nebo info@ds-pejsci-a-kocicky.cz","description":"D\u011btsk\u00e1 skupina - alternatica klasick\u00e9 mate\u0159sk\u00e9 \u0161kolky, se s\u00eddlem v Plzni na adrese Kopern\u00edkova 15, kterou bude va\u0161e d\u00edt\u011b zbo\u017e\u0148ovat! A vy tak\u00e9!","robots":{"index":"index","follow":"follow","max-snippet":"max-snippet:-1","max-image-preview":"max-image-preview:large","max-video-preview":"max-video-preview:-1"},"canonical":"https:\/\/ds-pejsci-a-kocicky.cz\/?page_id=8","og_locale":"cs_CZ","og_type":"article","og_title":"\ud83d\udcde Kontakt \ud83d\udcde - D\u011btsk\u00e9 skupiny Pejsci a Ko\u010di\u010dky Plze\u0148 - tel. 704 609 087 nebo info@ds-pejsci-a-kocicky.cz","og_description":"D\u011btsk\u00e1 skupina - alternatica klasick\u00e9 mate\u0159sk\u00e9 \u0161kolky, se s\u00eddlem v Plzni na adrese Kopern\u00edkova 15, kterou bude va\u0161e d\u00edt\u011b zbo\u017e\u0148ovat! A vy tak\u00e9!","og_url":"https:\/\/ds-pejsci-a-kocicky.cz\/?page_id=8","og_site_name":"D\u011btsk\u00e9 skupiny Pejsci a Ko\u010di\u010dky Plze\u0148","article_publisher":"https:\/\/www.facebook.com\/profile.php?id=61558707441008","article_modified_time":"2026-03-22T08:46:29+00:00","og_image":[{"width":1024,"height":994,"url":"https:\/\/ds-pejsci-a-kocicky.cz\/wp-content\/uploads\/2024\/04\/cropped-pej-a-koc-logo-4-3-1-1024x994.png","type":"image\/png"}],"twitter_card":"summary_large_image","twitter_misc":{"Odhadovan\u00e1 doba \u010dten\u00ed":"1 minuta"},"schema":{"@context":"https:\/\/schema.org","@graph":[{"@type":["WebPage","ContactPage"],"@id":"https:\/\/ds-pejsci-a-kocicky.cz\/?page_id=8","url":"https:\/\/ds-pejsci-a-kocicky.cz\/?page_id=8","name":"\ud83d\udcde Kontakt \ud83d\udcde - D\u011btsk\u00e9 skupiny Pejsci a Ko\u010di\u010dky Plze\u0148 - tel. 704 609 087 nebo info@ds-pejsci-a-kocicky.cz","isPartOf":{"@id":"https:\/\/ds-pejsci-a-kocicky.cz\/#website"},"datePublished":"2020-08-03T09:32:34+00:00","dateModified":"2026-03-22T08:46:29+00:00","description":"D\u011btsk\u00e1 skupina - alternatica klasick\u00e9 mate\u0159sk\u00e9 \u0161kolky, se s\u00eddlem v Plzni na adrese Kopern\u00edkova 15, kterou bude va\u0161e d\u00edt\u011b zbo\u017e\u0148ovat! A vy tak\u00e9!","breadcrumb":{"@id":"https:\/\/ds-pejsci-a-kocicky.cz\/?page_id=8#breadcrumb"},"inLanguage":"cs","potentialAction":[{"@type":"ReadAction","target":["https:\/\/ds-pejsci-a-kocicky.cz\/?page_id=8"]}]},{"@type":"BreadcrumbList","@id":"https:\/\/ds-pejsci-a-kocicky.cz\/?page_id=8#breadcrumb","itemListElement":[{"@type":"ListItem","position":1,"name":"Dom\u016f","item":"https:\/\/ds-pejsci-a-kocicky.cz\/"},{"@type":"ListItem","position":2,"name":"\ud83d\udcde Kontakt \ud83d\udcde"}]},{"@type":"WebSite","@id":"https:\/\/ds-pejsci-a-kocicky.cz\/#website","url":"https:\/\/ds-pejsci-a-kocicky.cz\/","name":"D\u011btsk\u00e9 skupiny Pejsci a Ko\u010di\u010dky","description":"D\u011btsk\u00e9 skupiny Pejsci a Ko\u010di\u010dky Plze\u0148","publisher":{"@id":"https:\/\/ds-pejsci-a-kocicky.cz\/#organization"},"potentialAction":[{"@type":"SearchAction","target":{"@type":"EntryPoint","urlTemplate":"https:\/\/ds-pejsci-a-kocicky.cz\/?s={search_term_string}"},"query-input":"required name=search_term_string"}],"inLanguage":"cs"},{"@type":"Organization","@id":"https:\/\/ds-pejsci-a-kocicky.cz\/#organization","name":"D\u011btsk\u00e9 skupiny Pejsci a Ko\u010di\u010dky","url":"https:\/\/ds-pejsci-a-kocicky.cz\/","logo":{"@type":"ImageObject","inLanguage":"cs","@id":"https:\/\/ds-pejsci-a-kocicky.cz\/#\/schema\/logo\/image\/","url":"https:\/\/ds-pejsci-a-kocicky.cz\/wp-content\/uploads\/2024\/04\/cropped-pej-a-koc-logo-4-3-1-1024x994.png","contentUrl":"https:\/\/ds-pejsci-a-kocicky.cz\/wp-content\/uploads\/2024\/04\/cropped-pej-a-koc-logo-4-3-1-1024x994.png","width":1024,"height":994,"caption":"D\u011btsk\u00e9 skupiny Pejsci a Ko\u010di\u010dky"},"image":{"@id":"https:\/\/ds-pejsci-a-kocicky.cz\/#\/schema\/logo\/image\/"},"sameAs":["https:\/\/www.facebook.com\/profile.php?id=61558707441008","https:\/\/www.instagram.com\/ds_pejsci_a_kocicky_plzen\/?igsh=eTU4bjM3ejZpcWNj"]}]}},"_links":{"self":[{"href":"https:\/\/ds-pejsci-a-kocicky.cz\/index.php?rest_route=\/wp\/v2\/pages\/8"}],"collection":[{"href":"https:\/\/ds-pejsci-a-kocicky.cz\/index.php?rest_route=\/wp\/v2\/pages"}],"about":[{"href":"https:\/\/ds-pejsci-a-kocicky.cz\/index.php?rest_route=\/wp\/v2\/types\/page"}],"author":[{"embeddable":true,"href":"https:\/\/ds-pejsci-a-kocicky.cz\/index.php?rest_route=\/wp\/v2\/users\/1"}],"replies":[{"embeddable":true,"href":"https:\/\/ds-pejsci-a-kocicky.cz\/index.php?rest_route=%2Fwp%2Fv2%2Fcomments&post=8"}],"version-history":[{"count":29,"href":"https:\/\/ds-pejsci-a-kocicky.cz\/index.php?rest_route=\/wp\/v2\/pages\/8\/revisions"}],"predecessor-version":[{"id":583,"href":"https:\/\/ds-pejsci-a-kocicky.cz\/index.php?rest_route=\/wp\/v2\/pages\/8\/revisions\/583"}],"wp:attachment":[{"href":"https:\/\/ds-pejsci-a-kocicky.cz\/index.php?rest_route=%2Fwp%2Fv2%2Fmedia&parent=8"}],"curies":[{"name":"wp","href":"https:\/\/api.w.org\/{rel}","templated":true}]}}